{"id":22,"date":"2016-10-07T15:57:23","date_gmt":"2016-10-07T13:57:23","guid":{"rendered":"http:\/\/www.foto-herrmann.de\/foto-herrmann\/?page_id=22"},"modified":"2026-02-01T21:25:18","modified_gmt":"2026-02-01T20:25:18","slug":"datenschutz","status":"publish","type":"page","link":"https:\/\/www.foto-herrmann.de\/foto-herrmann\/datenschutz\/","title":{"rendered":"Datenschutz"},"content":{"rendered":"<h1>Datenschutzerkl\u00e4rung:<\/h1>\n<p align=\"JUSTIFY\"><span style=\"font-size: medium;\">Kundeninformation zum Datenschutz (DSGVO)<\/span><\/p>\n<p align=\"JUSTIFY\"><u><b>Kontaktformular<\/b><\/u><\/p>\n<p align=\"JUSTIFY\">Ich Sabine Herrmann aus 01612 N\u00fcnchritz erhebe Ihre Daten zum Zweck der Durchf\u00fchrung Ihrer Kontaktanfrage. Die Datenverarbeitung beruht auf Artikel 6 Abs. 1 f) DSGVO. Mein berechtigtes Interesse ist, Ihre Anfrage zu beantworten. Eine Weitergabe der Daten an Dritte findet nicht statt. Die Daten werden gel\u00f6scht, sobald sie f\u00fcr den Zweck ihrer Verarbeitung nicht mehr erforderlich sind. Die Bereitstellung Ihrer Daten ist m\u00fcndlich oder schriftlich mit Ihnen vereinbart. Sie haben das Recht, der Verwendung Ihrer Daten zum Zweck der Kontaktaufnahme jederzeit zu widersprechen.<\/p>\n<p align=\"JUSTIFY\"><u><b>Ihre Rechte<\/b><\/u><\/p>\n<p align=\"JUSTIFY\">Sie sind berechtigt, Auskunft der bei mir \u00fcber Sie gespeicherten Daten zu beantragen sowie bei Unrichtigkeit der Daten die Berichtigung oder bei unzul\u00e4ssiger Datenspeicherung die L\u00f6schung der Daten zu fordern. Ihnen steht des Weiteren ein Beschwerderecht bei der Aufsichtsbeh\u00f6rde zu.<\/p>\n<p align=\"JUSTIFY\">Des Weiteren haben Sie das Recht auf Widerspruch, das Recht auf Daten\u00fcbertragbarkeit und das Recht die Einwilligung zu widerrufen.<\/p>\n","protected":false},"excerpt":{"rendered":"<p>Datenschutzerkl\u00e4rung: Kundeninformation zum Datenschutz (DSGVO) Kontaktformular Ich Sabine Herrmann aus 01612 N\u00fcnchritz erhebe Ihre Daten zum Zweck der Durchf\u00fchrung Ihrer Kontaktanfrage. Die Datenverarbeitung beruht auf Artikel 6 Abs. 1 f) [&hellip;]<\/p>\n","protected":false},"author":1,"featured_media":0,"parent":0,"menu_order":0,"comment_status":"closed","ping_status":"closed","template":"","meta":{"footnotes":""},"class_list":["post-22","page","type-page","status-publish","hentry"],"_links":{"self":[{"href":"https:\/\/www.foto-herrmann.de\/foto-herrmann\/wp-json\/wp\/v2\/pages\/22","targetHints":{"allow":["GET"]}}],"collection":[{"href":"https:\/\/www.foto-herrmann.de\/foto-herrmann\/wp-json\/wp\/v2\/pages"}],"about":[{"href":"https:\/\/www.foto-herrmann.de\/foto-herrmann\/wp-json\/wp\/v2\/types\/page"}],"author":[{"embeddable":true,"href":"https:\/\/www.foto-herrmann.de\/foto-herrmann\/wp-json\/wp\/v2\/users\/1"}],"replies":[{"embeddable":true,"href":"https:\/\/www.foto-herrmann.de\/foto-herrmann\/wp-json\/wp\/v2\/comments?post=22"}],"version-history":[{"count":6,"href":"https:\/\/www.foto-herrmann.de\/foto-herrmann\/wp-json\/wp\/v2\/pages\/22\/revisions"}],"predecessor-version":[{"id":3441,"href":"https:\/\/www.foto-herrmann.de\/foto-herrmann\/wp-json\/wp\/v2\/pages\/22\/revisions\/3441"}],"wp:attachment":[{"href":"https:\/\/www.foto-herrmann.de\/foto-herrmann\/wp-json\/wp\/v2\/media?parent=22"}],"curies":[{"name":"wp","href":"https:\/\/api.w.org\/{rel}","templated":true}]}}